{"id":2911,"date":"2023-01-19T22:00:49","date_gmt":"2023-01-19T22:00:49","guid":{"rendered":"https:\/\/gopanamabiketours.com\/?page_id=2911"},"modified":"2025-01-06T19:02:35","modified_gmt":"2025-01-06T19:02:35","slug":"important-information","status":"publish","type":"page","link":"https:\/\/gopanamabiketours.com\/es\/important-information\/","title":{"rendered":"Informaci\u00f3n Importante"},"content":{"rendered":"<div data-elementor-type=\"wp-page\" data-elementor-id=\"2911\" class=\"elementor elementor-2911\">\n\t\t\t\t\t\t<section class=\"elementor-section elementor-top-section elementor-element elementor-element-20bb768d elementor-section-boxed elementor-section-height-default elementor-section-height-default\" data-id=\"20bb768d\" data-element_type=\"section\" data-e-type=\"section\" data-settings=\"{&quot;background_background&quot;:&quot;classic&quot;}\">\n\t\t\t\t\t\t<div class=\"elementor-container elementor-column-gap-no\">\n\t\t\t\t\t<div class=\"elementor-column elementor-col-100 elementor-top-column elementor-element elementor-element-78e87828\" data-id=\"78e87828\" data-element_type=\"column\" data-e-type=\"column\">\n\t\t\t<div class=\"elementor-widget-wrap elementor-element-populated\">\n\t\t\t\t\t\t<div class=\"elementor-element elementor-element-143e5548 elementor-widget elementor-widget-heading\" data-id=\"143e5548\" data-element_type=\"widget\" data-e-type=\"widget\" data-widget_type=\"heading.default\">\n\t\t\t\t<div class=\"elementor-widget-container\">\n\t\t\t\t\t<h2 class=\"elementor-heading-title elementor-size-default\">Informaci\u00f3n importante:<\/h2>\t\t\t\t<\/div>\n\t\t\t\t<\/div>\n\t\t\t\t<section class=\"elementor-section elementor-inner-section elementor-element elementor-element-c057727 elementor-section-boxed elementor-section-height-default elementor-section-height-default\" data-id=\"c057727\" data-element_type=\"section\" data-e-type=\"section\">\n\t\t\t\t\t\t<div class=\"elementor-container elementor-column-gap-default\">\n\t\t\t\t\t<div class=\"elementor-column elementor-col-50 elementor-inner-column elementor-element elementor-element-dd5b379\" data-id=\"dd5b379\" data-element_type=\"column\" data-e-type=\"column\">\n\t\t\t<div class=\"elementor-widget-wrap elementor-element-populated\">\n\t\t\t\t\t\t<div class=\"elementor-element elementor-element-5031be7 elementor-widget elementor-widget-text-editor\" data-id=\"5031be7\" data-element_type=\"widget\" data-e-type=\"widget\" data-widget_type=\"text-editor.default\">\n\t\t\t\t<div class=\"elementor-widget-container\">\n\t\t\t\t\t\t\t\t\t<ul><li><strong>Clima:<\/strong> Tropical, caliente. Es importante traer y tener ropa ligera, utilizar protecci\u00f3n solar para tener mayor comodidad en nuestros recorridos, adem\u00e1s hacemos paradas frecuentes para que el recorrido sea lo m\u00e1s placentero posible.<\/li><li>El recorrido cubre aproximadamente 12 km \u2013 8 Millas.<\/li><li><strong>Dificultad:<\/strong> \u00a1Este Bike Tour es para todos! tiene un nivel de dificultad f\u00e1cil porque el 90% del camino es llano!<\/li><li><strong>\u00bfC\u00f3mo es el clima en Panam\u00e1?<\/strong> todo Panam\u00e1 el clima es tropical, el clima de google no funciona en Panam\u00e1, Go Panama Bike tours ofrecer\u00e1 reembolsos completos en caso de malas condiciones clim\u00e1ticas.<\/li><li>Panam\u00e1 tiene una temporada de lluvias, de junio a noviembre, donde tambi\u00e9n puedes tener mucho sol ya que no es muy com\u00fan tener lluvias muy largas de m\u00e1ximo de 20 minutos a 1 hora, te podemos brindar ecoponchos o puedes traer tu propia chaqueta de lluvia si lo prefiere.<\/li><\/ul>\t\t\t\t\t\t\t\t<\/div>\n\t\t\t\t<\/div>\n\t\t\t\t\t<\/div>\n\t\t<\/div>\n\t\t\t\t<div class=\"elementor-column elementor-col-50 elementor-inner-column elementor-element elementor-element-777b3a75\" data-id=\"777b3a75\" data-element_type=\"column\" data-e-type=\"column\">\n\t\t\t<div class=\"elementor-widget-wrap elementor-element-populated\">\n\t\t\t\t\t\t<div class=\"elementor-element elementor-element-31c30851 elementor-widget elementor-widget-text-editor\" data-id=\"31c30851\" data-element_type=\"widget\" data-e-type=\"widget\" data-widget_type=\"text-editor.default\">\n\t\t\t\t<div class=\"elementor-widget-container\">\n\t\t\t\t\t\t\t\t\t<ul><li>Tener conocimientos b\u00e1sicos sobre andar en bicicleta \/ Habilidades b\u00e1sicas para andar en bicicleta de monta\u00f1a.<\/li><li><strong>Cantidad:<\/strong> 2 \u2013 15 personas Queremos ofrecer la mejor experiencia ofreciendo tours semiprivados.<\/li><li>Esperamos un m\u00e1ximo de 15 minutos despu\u00e9s de la hora de reserva.<\/li><li>Edad: 10 a 70 a\u00f1os.<\/li><li><strong>Reservaciones:<\/strong> \u00a1Gratis! Cancela sin cargo hasta 24 horas antes de la actividad. Si cancela con menos tiempo, llega tarde o no se presenta, no se ofrecer\u00e1 ning\u00fan reembolso.<\/li><li><strong>Dep\u00f3sito:<\/strong> Cuando se confirma su recorrido, el siguiente paso es pagar su dep\u00f3sito. Se aceptan pagos en USD.<\/li><\/ul>\t\t\t\t\t\t\t\t<\/div>\n\t\t\t\t<\/div>\n\t\t\t\t\t<\/div>\n\t\t<\/div>\n\t\t\t\t\t<\/div>\n\t\t<\/section>\n\t\t\t\t<div class=\"elementor-element elementor-element-3529db91 elementor-widget elementor-widget-heading\" data-id=\"3529db91\" data-element_type=\"widget\" data-e-type=\"widget\" data-widget_type=\"heading.default\">\n\t\t\t\t<div class=\"elementor-widget-container\">\n\t\t\t\t\t<h2 class=\"elementor-heading-title elementor-size-default\">\u00danete #GoPanamaBikeTours<\/h2>\t\t\t\t<\/div>\n\t\t\t\t<\/div>\n\t\t\t\t<section class=\"elementor-section elementor-inner-section elementor-element elementor-element-538867fd elementor-section-height-min-height elementor-section-boxed elementor-section-height-default\" data-id=\"538867fd\" data-element_type=\"section\" data-e-type=\"section\" data-settings=\"{&quot;background_background&quot;:&quot;classic&quot;}\">\n\t\t\t\t\t\t\t<div class=\"elementor-background-overlay\"><\/div>\n\t\t\t\t\t\t\t<div class=\"elementor-container elementor-column-gap-default\">\n\t\t\t\t\t<div class=\"elementor-column elementor-col-100 elementor-inner-column elementor-element elementor-element-24a4d433\" data-id=\"24a4d433\" data-element_type=\"column\" data-e-type=\"column\" data-settings=\"{&quot;background_background&quot;:&quot;classic&quot;}\">\n\t\t\t<div class=\"elementor-widget-wrap elementor-element-populated\">\n\t\t\t\t\t<div class=\"elementor-background-overlay\"><\/div>\n\t\t\t\t\t\t<div class=\"elementor-element elementor-element-77c80e18 elementor-view-framed elementor-widget__width-inherit elementor-shape-circle elementor-widget elementor-widget-icon\" data-id=\"77c80e18\" data-element_type=\"widget\" data-e-type=\"widget\" data-widget_type=\"icon.default\">\n\t\t\t\t<div class=\"elementor-widget-container\">\n\t\t\t\t\t\t\t<div class=\"elementor-icon-wrapper\">\n\t\t\t<a class=\"elementor-icon\" href=\"#\">\n\t\t\t<i aria-hidden=\"true\" class=\"fas fa-bicycle\"><\/i>\t\t\t<\/a>\n\t\t<\/div>\n\t\t\t\t\t\t<\/div>\n\t\t\t\t<\/div>\n\t\t\t\t\t<\/div>\n\t\t<\/div>\n\t\t\t\t\t<\/div>\n\t\t<\/section>\n\t\t\t\t<section class=\"elementor-section elementor-inner-section elementor-element elementor-element-64078a5d elementor-section-content-middle elementor-section-boxed elementor-section-height-default elementor-section-height-default\" data-id=\"64078a5d\" data-element_type=\"section\" data-e-type=\"section\">\n\t\t\t\t\t\t<div class=\"elementor-container elementor-column-gap-default\">\n\t\t\t\t\t<div class=\"elementor-column elementor-col-50 elementor-inner-column elementor-element elementor-element-6d26f778\" data-id=\"6d26f778\" data-element_type=\"column\" data-e-type=\"column\">\n\t\t\t<div class=\"elementor-widget-wrap elementor-element-populated\">\n\t\t\t\t\t\t<div class=\"elementor-element elementor-element-14c39b7d elementor-widget elementor-widget-heading\" data-id=\"14c39b7d\" data-element_type=\"widget\" data-e-type=\"widget\" data-widget_type=\"heading.default\">\n\t\t\t\t<div class=\"elementor-widget-container\">\n\t\t\t\t\t<h4 class=\"elementor-heading-title elementor-size-default\">Vive una experiencia incre\u00edble, montando bici en Panam\u00e1<\/h4>\t\t\t\t<\/div>\n\t\t\t\t<\/div>\n\t\t\t\t\t<\/div>\n\t\t<\/div>\n\t\t\t\t<div class=\"elementor-column elementor-col-50 elementor-inner-column elementor-element elementor-element-8ef047f\" data-id=\"8ef047f\" data-element_type=\"column\" data-e-type=\"column\">\n\t\t\t<div class=\"elementor-widget-wrap elementor-element-populated\">\n\t\t\t\t\t\t<div class=\"elementor-element elementor-element-56d32338 elementor-align-right elementor-mobile-align-center elementor-widget elementor-widget-button\" data-id=\"56d32338\" data-element_type=\"widget\" data-e-type=\"widget\" data-widget_type=\"button.default\">\n\t\t\t\t<div class=\"elementor-widget-container\">\n\t\t\t\t\t\t\t\t\t<div class=\"elementor-button-wrapper\">\n\t\t\t\t\t<a class=\"elementor-button elementor-button-link elementor-size-sm\" href=\"https:\/\/gopanamabiketours.com\/es\/our-bike-tours\/\">\n\t\t\t\t\t\t<span class=\"elementor-button-content-wrapper\">\n\t\t\t\t\t\t\t\t\t<span class=\"elementor-button-text\">Nuestros bici tours<\/span>\n\t\t\t\t\t<\/span>\n\t\t\t\t\t<\/a>\n\t\t\t\t<\/div>\n\t\t\t\t\t\t\t\t<\/div>\n\t\t\t\t<\/div>\n\t\t\t\t\t<\/div>\n\t\t<\/div>\n\t\t\t\t\t<\/div>\n\t\t<\/section>\n\t\t\t\t\t<\/div>\n\t\t<\/div>\n\t\t\t\t\t<\/div>\n\t\t<\/section>\n\t\t\t\t<\/div>","protected":false},"excerpt":{"rendered":"<p>Important information: Climate: Tropical, hot. It is important to bring and have light clothing, use sun protection to have greater comfort on our tours, we also make frequent stops to make the tour as pleasant as possible. The tour covers approximately 12 km \u2013 8 Miles. Difficulted: This Bike Tour is for everyone! it has [&hellip;]<\/p>","protected":false},"author":2,"featured_media":0,"parent":0,"menu_order":0,"comment_status":"closed","ping_status":"closed","template":"","meta":{"nf_dc_page":"","site-sidebar-layout":"no-sidebar","site-content-layout":"page-builder","ast-site-content-layout":"default","site-content-style":"default","site-sidebar-style":"default","ast-global-header-display":"","ast-banner-title-visibility":"","ast-main-header-display":"","ast-hfb-above-header-display":"","ast-hfb-below-header-display":"","ast-hfb-mobile-header-display":"","site-post-title":"disabled","ast-breadcrumbs-content":"","ast-featured-img":"disabled","footer-sml-layout":"","ast-disable-related-posts":"","theme-transparent-header-meta":"","adv-header-id-meta":"","stick-header-meta":"","header-above-stick-meta":"","header-main-stick-meta":"","header-below-stick-meta":"","astra-migrate-meta-layouts":"default","ast-page-background-enabled":"default","ast-page-background-meta":{"desktop":{"background-color":"","background-image":"","background-repeat":"repeat","background-position":"center center","background-size":"auto","background-attachment":"scroll","background-type":"","background-media":"","overlay-type":"","overlay-color":"","overlay-opacity":"","overlay-gradient":""},"tablet":{"background-color":"","background-image":"","background-repeat":"repeat","background-position":"center center","background-size":"auto","background-attachment":"scroll","background-type":"","background-media":"","overlay-type":"","overlay-color":"","overlay-opacity":"","overlay-gradient":""},"mobile":{"background-color":"","background-image":"","background-repeat":"repeat","background-position":"center center","background-size":"auto","background-attachment":"scroll","background-type":"","background-media":"","overlay-type":"","overlay-color":"","overlay-opacity":"","overlay-gradient":""}},"ast-content-background-meta":{"desktop":{"background-color":"var(--ast-global-color-5)","background-image":"","background-repeat":"repeat","background-position":"center center","background-size":"auto","background-attachment":"scroll","background-type":"","background-media":"","overlay-type":"","overlay-color":"","overlay-opacity":"","overlay-gradient":""},"tablet":{"background-color":"var(--ast-global-color-5)","background-image":"","background-repeat":"repeat","background-position":"center center","background-size":"auto","background-attachment":"scroll","background-type":"","background-media":"","overlay-type":"","overlay-color":"","overlay-opacity":"","overlay-gradient":""},"mobile":{"background-color":"var(--ast-global-color-5)","background-image":"","background-repeat":"repeat","background-position":"center center","background-size":"auto","background-attachment":"scroll","background-type":"","background-media":"","overlay-type":"","overlay-color":"","overlay-opacity":"","overlay-gradient":""}},"footnotes":""},"class_list":["post-2911","page","type-page","status-publish","hentry"],"_links":{"self":[{"href":"https:\/\/gopanamabiketours.com\/es\/wp-json\/wp\/v2\/pages\/2911","targetHints":{"allow":["GET"]}}],"collection":[{"href":"https:\/\/gopanamabiketours.com\/es\/wp-json\/wp\/v2\/pages"}],"about":[{"href":"https:\/\/gopanamabiketours.com\/es\/wp-json\/wp\/v2\/types\/page"}],"author":[{"embeddable":true,"href":"https:\/\/gopanamabiketours.com\/es\/wp-json\/wp\/v2\/users\/2"}],"replies":[{"embeddable":true,"href":"https:\/\/gopanamabiketours.com\/es\/wp-json\/wp\/v2\/comments?post=2911"}],"version-history":[{"count":20,"href":"https:\/\/gopanamabiketours.com\/es\/wp-json\/wp\/v2\/pages\/2911\/revisions"}],"predecessor-version":[{"id":6991,"href":"https:\/\/gopanamabiketours.com\/es\/wp-json\/wp\/v2\/pages\/2911\/revisions\/6991"}],"wp:attachment":[{"href":"https:\/\/gopanamabiketours.com\/es\/wp-json\/wp\/v2\/media?parent=2911"}],"curies":[{"name":"wp","href":"https:\/\/api.w.org\/{rel}","templated":true}]}}