{"id":2018,"date":"2022-12-21T19:52:19","date_gmt":"2022-12-21T19:52:19","guid":{"rendered":"https:\/\/gopanamabiketours.com\/?page_id=2018"},"modified":"2025-09-24T18:28:32","modified_gmt":"2025-09-24T18:28:32","slug":"bike-rental","status":"publish","type":"page","link":"https:\/\/gopanamabiketours.com\/es\/bike-rental\/","title":{"rendered":"Alquiler"},"content":{"rendered":"<div data-elementor-type=\"wp-page\" data-elementor-id=\"2018\" class=\"elementor elementor-2018\">\n\t\t\t\t\t\t<section class=\"elementor-section elementor-top-section elementor-element elementor-element-a68c7f elementor-section-height-full elementor-section-boxed elementor-section-height-default elementor-section-items-middle\" data-id=\"a68c7f\" data-element_type=\"section\" data-e-type=\"section\" data-settings=\"{&quot;background_background&quot;:&quot;classic&quot;}\">\n\t\t\t\t\t\t\t<div class=\"elementor-background-overlay\"><\/div>\n\t\t\t\t\t\t\t<div class=\"elementor-container elementor-column-gap-no\">\n\t\t\t\t\t<div class=\"elementor-column elementor-col-100 elementor-top-column elementor-element elementor-element-31d37b08\" data-id=\"31d37b08\" data-element_type=\"column\" data-e-type=\"column\">\n\t\t\t<div class=\"elementor-widget-wrap elementor-element-populated\">\n\t\t\t\t\t<div class=\"elementor-background-overlay\"><\/div>\n\t\t\t\t\t\t<div class=\"elementor-element elementor-element-c0548bd elementor-widget elementor-widget-heading\" data-id=\"c0548bd\" data-element_type=\"widget\" data-e-type=\"widget\" data-widget_type=\"heading.default\">\n\t\t\t\t<div class=\"elementor-widget-container\">\n\t\t\t\t\t<h2 class=\"elementor-heading-title elementor-size-default\">Ofrecemos las marcas innovadoras<\/h2>\t\t\t\t<\/div>\n\t\t\t\t<\/div>\n\t\t\t\t<div class=\"elementor-element elementor-element-14e39844 elementor-widget elementor-widget-text-editor\" data-id=\"14e39844\" data-element_type=\"widget\" data-e-type=\"widget\" data-widget_type=\"text-editor.default\">\n\t\t\t\t<div class=\"elementor-widget-container\">\n\t\t\t\t\t\t\t\t\tQuienes ofrecen sus \u00faltimos modelos para que puedas disfrutar del paseo<br>cuando no puedas acompa\u00f1arnos en alguno de nuestros tours.\t\t\t\t\t\t\t\t<\/div>\n\t\t\t\t<\/div>\n\t\t\t\t\t<\/div>\n\t\t<\/div>\n\t\t\t\t\t<\/div>\n\t\t<\/section>\n\t\t\t\t<section class=\"elementor-section elementor-top-section elementor-element elementor-element-142823df elementor-section-boxed elementor-section-height-default elementor-section-height-default\" data-id=\"142823df\" data-element_type=\"section\" data-e-type=\"section\" data-settings=\"{&quot;background_background&quot;:&quot;classic&quot;}\">\n\t\t\t\t\t\t<div class=\"elementor-container elementor-column-gap-no\">\n\t\t\t\t\t<div class=\"elementor-column elementor-col-100 elementor-top-column elementor-element elementor-element-4e76e941\" data-id=\"4e76e941\" data-element_type=\"column\" data-e-type=\"column\">\n\t\t\t<div class=\"elementor-widget-wrap elementor-element-populated\">\n\t\t\t\t\t\t<div class=\"elementor-element elementor-element-28ae585 elementor-widget elementor-widget-heading\" data-id=\"28ae585\" data-element_type=\"widget\" data-e-type=\"widget\" data-widget_type=\"heading.default\">\n\t\t\t\t<div class=\"elementor-widget-container\">\n\t\t\t\t\t<h2 class=\"elementor-heading-title elementor-size-default\">Explorar los lugares m\u00e1s incre\u00edbles de Panam\u00e1<br>en menos tiempo con nuestras bicicletas \u00faltimo modelo, nunca ha sido tan f\u00e1cil.<\/h2>\t\t\t\t<\/div>\n\t\t\t\t<\/div>\n\t\t\t\t<div class=\"elementor-element elementor-element-2e5715a elementor-widget elementor-widget-text-editor\" data-id=\"2e5715a\" data-element_type=\"widget\" data-e-type=\"widget\" data-widget_type=\"text-editor.default\">\n\t\t\t\t<div class=\"elementor-widget-container\">\n\t\t\t\t\t\t\t\t\t<p>Alquila una bicicleta en el Casco Viejo, ubicado a lo largo de la costa y frente a la ciudad. Es un lugar encantador, con una mezcla de arquitecturas de estilo espa\u00f1ol y franc\u00e9s. Es el lugar perfecto para pasear durante el d\u00eda. Reserva una bicicleta y disfruta de nuestras bicicletas, observando la ciudad sin ventanas. Te enamorar\u00e1s de esta hermosa ciudad.<\/p>\n<p>Preg\u00fantanos por el museo gratuito que puedes visitar mientras recorres esta hermosa ciudad o disfrutas de nuestro famoso ceviche en el mercado de mariscos.<\/p>\n<p><strong>Horario: 9:00 Am \u2013 5 pm<\/strong><br><strong>Locaci\u00f3n: calle 3ra oeste, San Felipe, Casco Viejo<\/strong><\/p>\t\t\t\t\t\t\t\t<\/div>\n\t\t\t\t<\/div>\n\t\t<div class=\"elementor-element elementor-element-ebf085d e-flex e-con-boxed e-con e-parent\" data-id=\"ebf085d\" data-element_type=\"container\" data-e-type=\"container\">\n\t\t\t\t\t<div class=\"e-con-inner\">\n\t\t\t\t<div class=\"elementor-element elementor-element-32affab elementor-widget elementor-widget-google_maps\" data-id=\"32affab\" data-element_type=\"widget\" data-e-type=\"widget\" data-widget_type=\"google_maps.default\">\n\t\t\t\t<div class=\"elementor-widget-container\">\n\t\t\t\t\t\t\t<div class=\"elementor-custom-embed\">\n\t\t\t<iframe loading=\"lazy\"\n\t\t\t\t\tsrc=\"https:\/\/maps.google.com\/maps?q=ciudad%20de%20panama&#038;t=m&#038;z=10&#038;output=embed&#038;iwloc=near\"\n\t\t\t\t\ttitle=\"ciudad de panama\"\n\t\t\t\t\taria-label=\"ciudad de panama\"\n\t\t\t><\/iframe>\n\t\t<\/div>\n\t\t\t\t\t\t<\/div>\n\t\t\t\t<\/div>\n\t\t\t\t<div class=\"elementor-element elementor-element-ed53b46 elementor-widget elementor-widget-google_maps\" data-id=\"ed53b46\" data-element_type=\"widget\" data-e-type=\"widget\" data-widget_type=\"google_maps.default\">\n\t\t\t\t<div class=\"elementor-widget-container\">\n\t\t\t\t\t\t\t<div class=\"elementor-custom-embed\">\n\t\t\t<iframe loading=\"lazy\"\n\t\t\t\t\tsrc=\"https:\/\/maps.google.com\/maps?q=valle%20de%20anton&#038;t=m&#038;z=10&#038;output=embed&#038;iwloc=near\"\n\t\t\t\t\ttitle=\"valle de anton\"\n\t\t\t\t\taria-label=\"valle de anton\"\n\t\t\t><\/iframe>\n\t\t<\/div>\n\t\t\t\t\t\t<\/div>\n\t\t\t\t<\/div>\n\t\t\t\t\t<\/div>\n\t\t\t\t<\/div>\n\t\t\t\t<div class=\"elementor-element elementor-element-32580bc elementor-widget elementor-widget-heading\" data-id=\"32580bc\" data-element_type=\"widget\" data-e-type=\"widget\" data-widget_type=\"heading.default\">\n\t\t\t\t<div class=\"elementor-widget-container\">\n\t\t\t\t\t<h2 class=\"elementor-heading-title elementor-size-default\">Informaci\u00f3n importante:<\/h2>\t\t\t\t<\/div>\n\t\t\t\t<\/div>\n\t\t\t\t<section class=\"elementor-section elementor-inner-section elementor-element elementor-element-82fb341 elementor-section-boxed elementor-section-height-default elementor-section-height-default\" data-id=\"82fb341\" data-element_type=\"section\" data-e-type=\"section\">\n\t\t\t\t\t\t<div class=\"elementor-container elementor-column-gap-default\">\n\t\t\t\t\t<div class=\"elementor-column elementor-col-50 elementor-inner-column elementor-element elementor-element-cf52da5\" data-id=\"cf52da5\" data-element_type=\"column\" data-e-type=\"column\">\n\t\t\t<div class=\"elementor-widget-wrap elementor-element-populated\">\n\t\t\t\t\t\t<div class=\"elementor-element elementor-element-1527645 elementor-widget elementor-widget-text-editor\" data-id=\"1527645\" data-element_type=\"widget\" data-e-type=\"widget\" data-widget_type=\"text-editor.default\">\n\t\t\t\t<div class=\"elementor-widget-container\">\n\t\t\t\t\t\t\t\t\t<ul><li><strong>Clima:<\/strong> Tropical, caliente. Es importante traer y tener ropa ligera, utilizar protecci\u00f3n solar para tener mayor comodidad en nuestros recorridos, adem\u00e1s hacemos paradas frecuentes para que el recorrido sea lo m\u00e1s placentero posible.<\/li><li>El recorrido cubre aproximadamente 12 km \u2013 8 Millas.<\/li><li><strong>Dificultad:<\/strong> \u00a1Este Bike Tour es para todos! tiene un nivel de dificultad f\u00e1cil porque el 90% del camino es llano!<\/li><li><strong>\u00bfC\u00f3mo es el clima en Panam\u00e1?<\/strong> todo Panam\u00e1 el clima es tropical, el clima de google no funciona en Panam\u00e1, Go Panama Bike tours ofrecer\u00e1 reembolsos completos en caso de malas condiciones clim\u00e1ticas.<\/li><li>Panam\u00e1 tiene una temporada de lluvias, de junio a noviembre, donde tambi\u00e9n puedes tener mucho sol ya que no es muy com\u00fan tener lluvias muy largas de m\u00e1ximo de 20 minutos a 1 hora, te podemos brindar ecoponchos o puedes traer tu propia chaqueta de lluvia si lo prefiere.<\/li><\/ul>\t\t\t\t\t\t\t\t<\/div>\n\t\t\t\t<\/div>\n\t\t\t\t\t<\/div>\n\t\t<\/div>\n\t\t\t\t<div class=\"elementor-column elementor-col-50 elementor-inner-column elementor-element elementor-element-6f84df5\" data-id=\"6f84df5\" data-element_type=\"column\" data-e-type=\"column\">\n\t\t\t<div class=\"elementor-widget-wrap elementor-element-populated\">\n\t\t\t\t\t\t<div class=\"elementor-element elementor-element-3a211e7 elementor-widget elementor-widget-text-editor\" data-id=\"3a211e7\" data-element_type=\"widget\" data-e-type=\"widget\" data-widget_type=\"text-editor.default\">\n\t\t\t\t<div class=\"elementor-widget-container\">\n\t\t\t\t\t\t\t\t\t<ul><li>Tener conocimientos b\u00e1sicos sobre andar en bicicleta \/ Habilidades b\u00e1sicas para andar en bicicleta de monta\u00f1a.<\/li><li><strong>Cantidad:<\/strong> 2 \u2013 15 personas Queremos ofrecer la mejor experiencia ofreciendo tours semiprivados.<\/li><li>Esperamos un m\u00e1ximo de 15 minutos despu\u00e9s de la hora de reserva.<\/li><li>Edad: 10 a 70 a\u00f1os.<\/li><li><strong>Reservaciones:<\/strong> \u00a1Gratis! Cancela sin cargo hasta 24 horas antes de la actividad. Si cancela con menos tiempo, llega tarde o no se presenta, no se ofrecer\u00e1 ning\u00fan reembolso.<\/li><li><strong>Dep\u00f3sito:<\/strong> Cuando se confirma su recorrido, el siguiente paso es pagar su dep\u00f3sito. Se aceptan pagos en USD.<\/li><\/ul>\t\t\t\t\t\t\t\t<\/div>\n\t\t\t\t<\/div>\n\t\t\t\t\t<\/div>\n\t\t<\/div>\n\t\t\t\t\t<\/div>\n\t\t<\/section>\n\t\t\t\t<div class=\"elementor-element elementor-element-15e4505c elementor-widget elementor-widget-heading\" data-id=\"15e4505c\" data-element_type=\"widget\" data-e-type=\"widget\" data-widget_type=\"heading.default\">\n\t\t\t\t<div class=\"elementor-widget-container\">\n\t\t\t\t\t<h2 class=\"elementor-heading-title elementor-size-default\">\u00danete #GoPanamaBikeTours<\/h2>\t\t\t\t<\/div>\n\t\t\t\t<\/div>\n\t\t\t\t<section class=\"elementor-section elementor-inner-section elementor-element elementor-element-70a86d56 elementor-section-height-min-height elementor-section-boxed elementor-section-height-default\" data-id=\"70a86d56\" data-element_type=\"section\" data-e-type=\"section\" data-settings=\"{&quot;background_background&quot;:&quot;classic&quot;}\">\n\t\t\t\t\t\t\t<div class=\"elementor-background-overlay\"><\/div>\n\t\t\t\t\t\t\t<div class=\"elementor-container elementor-column-gap-default\">\n\t\t\t\t\t<div class=\"elementor-column elementor-col-100 elementor-inner-column elementor-element elementor-element-4f8880c6\" data-id=\"4f8880c6\" data-element_type=\"column\" data-e-type=\"column\" data-settings=\"{&quot;background_background&quot;:&quot;classic&quot;}\">\n\t\t\t<div class=\"elementor-widget-wrap elementor-element-populated\">\n\t\t\t\t\t<div class=\"elementor-background-overlay\"><\/div>\n\t\t\t\t\t\t<div class=\"elementor-element elementor-element-4287d2e8 elementor-view-framed elementor-widget__width-inherit elementor-shape-circle elementor-widget elementor-widget-icon\" data-id=\"4287d2e8\" data-element_type=\"widget\" data-e-type=\"widget\" data-widget_type=\"icon.default\">\n\t\t\t\t<div class=\"elementor-widget-container\">\n\t\t\t\t\t\t\t<div class=\"elementor-icon-wrapper\">\n\t\t\t<a class=\"elementor-icon\" href=\"#\">\n\t\t\t<i aria-hidden=\"true\" class=\"fas fa-bicycle\"><\/i>\t\t\t<\/a>\n\t\t<\/div>\n\t\t\t\t\t\t<\/div>\n\t\t\t\t<\/div>\n\t\t\t\t\t<\/div>\n\t\t<\/div>\n\t\t\t\t\t<\/div>\n\t\t<\/section>\n\t\t\t\t<section class=\"elementor-section elementor-inner-section elementor-element elementor-element-5df7836a elementor-section-content-middle elementor-section-boxed elementor-section-height-default elementor-section-height-default\" data-id=\"5df7836a\" data-element_type=\"section\" data-e-type=\"section\">\n\t\t\t\t\t\t<div class=\"elementor-container elementor-column-gap-default\">\n\t\t\t\t\t<div class=\"elementor-column elementor-col-50 elementor-inner-column elementor-element elementor-element-1b53f494\" data-id=\"1b53f494\" data-element_type=\"column\" data-e-type=\"column\">\n\t\t\t<div class=\"elementor-widget-wrap elementor-element-populated\">\n\t\t\t\t\t\t<div class=\"elementor-element elementor-element-5b45fe30 elementor-widget elementor-widget-heading\" data-id=\"5b45fe30\" data-element_type=\"widget\" data-e-type=\"widget\" data-widget_type=\"heading.default\">\n\t\t\t\t<div class=\"elementor-widget-container\">\n\t\t\t\t\t<h4 class=\"elementor-heading-title elementor-size-default\">Vive una experiencia incre\u00edble, montando bici en Panam\u00e1<\/h4>\t\t\t\t<\/div>\n\t\t\t\t<\/div>\n\t\t\t\t\t<\/div>\n\t\t<\/div>\n\t\t\t\t<div class=\"elementor-column elementor-col-50 elementor-inner-column elementor-element elementor-element-3923a64d\" data-id=\"3923a64d\" data-element_type=\"column\" data-e-type=\"column\">\n\t\t\t<div class=\"elementor-widget-wrap elementor-element-populated\">\n\t\t\t\t\t\t<div class=\"elementor-element elementor-element-668ff2c7 elementor-align-right elementor-mobile-align-center elementor-widget elementor-widget-button\" data-id=\"668ff2c7\" data-element_type=\"widget\" data-e-type=\"widget\" data-widget_type=\"button.default\">\n\t\t\t\t<div class=\"elementor-widget-container\">\n\t\t\t\t\t\t\t\t\t<div class=\"elementor-button-wrapper\">\n\t\t\t\t\t<a class=\"elementor-button elementor-button-link elementor-size-sm\" href=\"https:\/\/gopanamabiketours.com\/es\/our-bike-tours\/\">\n\t\t\t\t\t\t<span class=\"elementor-button-content-wrapper\">\n\t\t\t\t\t\t\t\t\t<span class=\"elementor-button-text\">Nuestros bici tours<\/span>\n\t\t\t\t\t<\/span>\n\t\t\t\t\t<\/a>\n\t\t\t\t<\/div>\n\t\t\t\t\t\t\t\t<\/div>\n\t\t\t\t<\/div>\n\t\t\t\t\t<\/div>\n\t\t<\/div>\n\t\t\t\t\t<\/div>\n\t\t<\/section>\n\t\t\t\t\t<\/div>\n\t\t<\/div>\n\t\t\t\t\t<\/div>\n\t\t<\/section>\n\t\t\t\t<\/div>","protected":false},"excerpt":{"rendered":"<p>We offer the innovative brands Who offer their last models so you can enjoy the ridewhen you can not join us in one of our tours. Explore the most incredible places of Panamain less time with our latest model bikes, it has never been so easy. Rent a bike in Casco Viejo located along the [&hellip;]<\/p>","protected":false},"author":2,"featured_media":0,"parent":0,"menu_order":0,"comment_status":"closed","ping_status":"closed","template":"","meta":{"nf_dc_page":"","site-sidebar-layout":"no-sidebar","site-content-layout":"page-builder","ast-site-content-layout":"default","site-content-style":"default","site-sidebar-style":"default","ast-global-header-display":"","ast-banner-title-visibility":"","ast-main-header-display":"","ast-hfb-above-header-display":"","ast-hfb-below-header-display":"","ast-hfb-mobile-header-display":"","site-post-title":"disabled","ast-breadcrumbs-content":"","ast-featured-img":"disabled","footer-sml-layout":"","ast-disable-related-posts":"","theme-transparent-header-meta":"","adv-header-id-meta":"","stick-header-meta":"","header-above-stick-meta":"","header-main-stick-meta":"","header-below-stick-meta":"","astra-migrate-meta-layouts":"default","ast-page-background-enabled":"default","ast-page-background-meta":{"desktop":{"background-color":"","background-image":"","background-repeat":"repeat","background-position":"center center","background-size":"auto","background-attachment":"scroll","background-type":"","background-media":"","overlay-type":"","overlay-color":"","overlay-opacity":"","overlay-gradient":""},"tablet":{"background-color":"","background-image":"","background-repeat":"repeat","background-position":"center center","background-size":"auto","background-attachment":"scroll","background-type":"","background-media":"","overlay-type":"","overlay-color":"","overlay-opacity":"","overlay-gradient":""},"mobile":{"background-color":"","background-image":"","background-repeat":"repeat","background-position":"center center","background-size":"auto","background-attachment":"scroll","background-type":"","background-media":"","overlay-type":"","overlay-color":"","overlay-opacity":"","overlay-gradient":""}},"ast-content-background-meta":{"desktop":{"background-color":"var(--ast-global-color-5)","background-image":"","background-repeat":"repeat","background-position":"center center","background-size":"auto","background-attachment":"scroll","background-type":"","background-media":"","overlay-type":"","overlay-color":"","overlay-opacity":"","overlay-gradient":""},"tablet":{"background-color":"var(--ast-global-color-5)","background-image":"","background-repeat":"repeat","background-position":"center center","background-size":"auto","background-attachment":"scroll","background-type":"","background-media":"","overlay-type":"","overlay-color":"","overlay-opacity":"","overlay-gradient":""},"mobile":{"background-color":"var(--ast-global-color-5)","background-image":"","background-repeat":"repeat","background-position":"center center","background-size":"auto","background-attachment":"scroll","background-type":"","background-media":"","overlay-type":"","overlay-color":"","overlay-opacity":"","overlay-gradient":""}},"footnotes":""},"class_list":["post-2018","page","type-page","status-publish","hentry"],"_links":{"self":[{"href":"https:\/\/gopanamabiketours.com\/es\/wp-json\/wp\/v2\/pages\/2018","targetHints":{"allow":["GET"]}}],"collection":[{"href":"https:\/\/gopanamabiketours.com\/es\/wp-json\/wp\/v2\/pages"}],"about":[{"href":"https:\/\/gopanamabiketours.com\/es\/wp-json\/wp\/v2\/types\/page"}],"author":[{"embeddable":true,"href":"https:\/\/gopanamabiketours.com\/es\/wp-json\/wp\/v2\/users\/2"}],"replies":[{"embeddable":true,"href":"https:\/\/gopanamabiketours.com\/es\/wp-json\/wp\/v2\/comments?post=2018"}],"version-history":[{"count":20,"href":"https:\/\/gopanamabiketours.com\/es\/wp-json\/wp\/v2\/pages\/2018\/revisions"}],"predecessor-version":[{"id":9202,"href":"https:\/\/gopanamabiketours.com\/es\/wp-json\/wp\/v2\/pages\/2018\/revisions\/9202"}],"wp:attachment":[{"href":"https:\/\/gopanamabiketours.com\/es\/wp-json\/wp\/v2\/media?parent=2018"}],"curies":[{"name":"wp","href":"https:\/\/api.w.org\/{rel}","templated":true}]}}